{"id":19,"date":"2007-08-02T09:17:10","date_gmt":"2007-08-02T07:17:10","guid":{"rendered":"http:\/\/hepchen.de\/xzx\/X\/index.php\/online-anmeldung\/"},"modified":"2026-04-06T11:38:13","modified_gmt":"2026-04-06T09:38:13","slug":"online-anmeldung","status":"publish","type":"page","link":"http:\/\/hepchen.de\/xzx\/X\/online-anmeldung\/","title":{"rendered":"ONLINE ANMELDUNG"},"content":{"rendered":"<p>Folgendes Kopieren und ausgef\u00fcllt per email an: caveman@xzentrix.de.deleteme<\/p>\n<p>Danke.<\/p>\n<p>Hiermit melde ich mit zum XzentriX Treffen an.<\/p>\n<p>Vorname, Nachname: ____________________________________________<\/p>\n<p>Stra\u00dfe, Hausnummer: ____________________________________________<\/p>\n<p>Telefonnr.: _______________________________<\/p>\n<p>eMail: ________________________________________<\/p>\n<p>\u00dcbernachtung:<\/p>\n<p>( ) vor Ort (Schlafsack und Isomatte)<\/p>\n<p>( ) Um die \u00dcbernachtung k\u00fcmmere ich mich selbst<\/p>\n<p>Tag der Anreise:<\/p>\n<p>( ) Freitag<\/p>\n<p>( ) Samstag<\/p>\n<p>Datum, Unterschrift: _____________________________________________________<\/p>\n","protected":false},"excerpt":{"rendered":"<p>Folgendes Kopieren und ausgef\u00fcllt per email an: caveman@xzentrix.de.deleteme Danke. Hiermit melde ich mit zum XzentriX Treffen an. Vorname, Nachname: ____________________________________________ Stra\u00dfe, Hausnummer: ____________________________________________ Telefonnr.: _______________________________ eMail: ________________________________________ \u00dcbernachtung: ( ) vor Ort (Schlafsack und Isomatte) ( ) Um die \u00dcbernachtung k\u00fcmmere ich mich selbst Tag der Anreise: ( ) Freitag ( ) Samstag Datum, Unterschrift: [&hellip;]<\/p>\n","protected":false},"author":1,"featured_media":0,"parent":0,"menu_order":0,"comment_status":"open","ping_status":"open","template":"","meta":{"footnotes":""},"_links":{"self":[{"href":"http:\/\/hepchen.de\/xzx\/X\/wp-json\/wp\/v2\/pages\/19"}],"collection":[{"href":"http:\/\/hepchen.de\/xzx\/X\/wp-json\/wp\/v2\/pages"}],"about":[{"href":"http:\/\/hepchen.de\/xzx\/X\/wp-json\/wp\/v2\/types\/page"}],"author":[{"embeddable":true,"href":"http:\/\/hepchen.de\/xzx\/X\/wp-json\/wp\/v2\/users\/1"}],"replies":[{"embeddable":true,"href":"http:\/\/hepchen.de\/xzx\/X\/wp-json\/wp\/v2\/comments?post=19"}],"version-history":[{"count":34,"href":"http:\/\/hepchen.de\/xzx\/X\/wp-json\/wp\/v2\/pages\/19\/revisions"}],"predecessor-version":[{"id":514,"href":"http:\/\/hepchen.de\/xzx\/X\/wp-json\/wp\/v2\/pages\/19\/revisions\/514"}],"wp:attachment":[{"href":"http:\/\/hepchen.de\/xzx\/X\/wp-json\/wp\/v2\/media?parent=19"}],"curies":[{"name":"wp","href":"https:\/\/api.w.org\/{rel}","templated":true}]}}